{"id":1736,"date":"2025-02-13T18:42:06","date_gmt":"2025-02-13T21:42:06","guid":{"rendered":"http:\/\/fonocal-discos.com.ar\/fonocal-discos\/?page_id=1736"},"modified":"2026-03-10T12:29:56","modified_gmt":"2026-03-10T15:29:56","slug":"%e2%99%abnovedades-2025-%e2%99%aa","status":"publish","type":"page","link":"http:\/\/fonocal-discos.com.ar\/fonocal-discos\/%e2%99%abnovedades-2025-%e2%99%aa\/","title":{"rendered":"\u266bLanzamientos 2025 \u266a"},"content":{"rendered":"\n<figure class=\"wp-block-image size-large is-resized\"><img loading=\"lazy\" src=\"http:\/\/fonocal-discos.com.ar\/fonocal-discos\/wp-content\/uploads\/2025\/02\/2751-Montesano-El-Pasillo-1024x1024.jpg\" alt=\"\" class=\"wp-image-1739\" width=\"231\" height=\"231\" srcset=\"http:\/\/fonocal-discos.com.ar\/fonocal-discos\/wp-content\/uploads\/2025\/02\/2751-Montesano-El-Pasillo-1024x1024.jpg 1024w, http:\/\/fonocal-discos.com.ar\/fonocal-discos\/wp-content\/uploads\/2025\/02\/2751-Montesano-El-Pasillo-300x300.jpg 300w, http:\/\/fonocal-discos.com.ar\/fonocal-discos\/wp-content\/uploads\/2025\/02\/2751-Montesano-El-Pasillo-768x768.jpg 768w, http:\/\/fonocal-discos.com.ar\/fonocal-discos\/wp-content\/uploads\/2025\/02\/2751-Montesano-El-Pasillo-150x150.jpg 150w, http:\/\/fonocal-discos.com.ar\/fonocal-discos\/wp-content\/uploads\/2025\/02\/2751-Montesano-El-Pasillo.jpg 1500w\" sizes=\"(max-width: 231px) 100vw, 231px\" \/><figcaption><strong>Montesano &#8211; El Pasillo &#8211; C\u00f3digo= 2571 &#8211; Disponible en CD <\/strong><\/figcaption><\/figure>\n\n\n\n<p>Temas:<\/p>\n\n\n\n<ul><li>El pasillo                *Se est\u00e1 pasando la vida<\/li><li>A veces la realidad      *Si podes escucharme<\/li><li>No puedo seguir as\u00ed     *El pasillo (reprise)<\/li><li>Dejar el hogar           *Extracto de un momento<\/li><li>Si ya no sos igual       * M\u00fasica ligera<\/li><li>Ocurri\u00f3 a eso de las tres   *Algo nuevo<\/li><\/ul>\n\n\n\n<hr class=\"wp-block-separator has-alpha-channel-opacity\"\/>\n\n\n\n<figure class=\"wp-block-image size-full is-resized\"><img loading=\"lazy\" src=\"http:\/\/fonocal-discos.com.ar\/fonocal-discos\/wp-content\/uploads\/2025\/04\/2743-Hugo-Racca2.jpg\" alt=\"\" class=\"wp-image-1751\" width=\"244\" height=\"244\" srcset=\"http:\/\/fonocal-discos.com.ar\/fonocal-discos\/wp-content\/uploads\/2025\/04\/2743-Hugo-Racca2.jpg 600w, http:\/\/fonocal-discos.com.ar\/fonocal-discos\/wp-content\/uploads\/2025\/04\/2743-Hugo-Racca2-300x300.jpg 300w, http:\/\/fonocal-discos.com.ar\/fonocal-discos\/wp-content\/uploads\/2025\/04\/2743-Hugo-Racca2-150x150.jpg 150w\" sizes=\"(max-width: 244px) 100vw, 244px\" \/><figcaption><strong>Hugo Racca &#8211; Vienen por vos &#8211; C\u00f3digo= 2743 &#8211; Disponible en CD<\/strong> <\/figcaption><\/figure>\n\n\n\n<p>Temas:<\/p>\n\n\n\n<ul><li>Bienvenido rock and roll    -Sin ver m\u00e1s<\/li><li>Desider\u00e1tum        &#8211; Primavera en el parque<\/li><li>Todo el d\u00eda      &#8211; Bang Bang<\/li><li>Vienen por vos   &#8211; Ma\u00f1anas en el campo<\/li><li>No quiero ser errante &#8211; La radio a full<\/li><\/ul>\n\n\n\n<hr class=\"wp-block-separator has-alpha-channel-opacity\"\/>\n\n\n\n<figure class=\"wp-block-image size-large is-resized\"><img loading=\"lazy\" src=\"http:\/\/fonocal-discos.com.ar\/fonocal-discos\/wp-content\/uploads\/2025\/05\/2752-AUCAN-1024x1024.jpg\" alt=\"\" class=\"wp-image-1755\" width=\"239\" height=\"239\" srcset=\"http:\/\/fonocal-discos.com.ar\/fonocal-discos\/wp-content\/uploads\/2025\/05\/2752-AUCAN-1024x1024.jpg 1024w, http:\/\/fonocal-discos.com.ar\/fonocal-discos\/wp-content\/uploads\/2025\/05\/2752-AUCAN-300x300.jpg 300w, http:\/\/fonocal-discos.com.ar\/fonocal-discos\/wp-content\/uploads\/2025\/05\/2752-AUCAN-768x768.jpg 768w, http:\/\/fonocal-discos.com.ar\/fonocal-discos\/wp-content\/uploads\/2025\/05\/2752-AUCAN-150x150.jpg 150w, http:\/\/fonocal-discos.com.ar\/fonocal-discos\/wp-content\/uploads\/2025\/05\/2752-AUCAN.jpg 1500w\" sizes=\"(max-width: 239px) 100vw, 239px\" \/><figcaption><strong>Aucan &#8211; Aucan &#8211; C\u00f3digo= 2752 &#8211; Disponible en CD<\/strong><\/figcaption><\/figure>\n\n\n\n<p>Temas:<\/p>\n\n\n\n<ul><li>Canto al s\u00ed   &#8211;  An\u00f3nimo que va<\/li><li>Para chocolate &#8211; Preludio de Alejandro<\/li><li>Cuenca de los augurios &#8211; Para alguien que no est\u00e1<\/li><li>Tristeza y miel    &#8211; Poema tuyo<\/li><li> D\u00eda suburbano<\/li><li>BONUS TRACK<\/li><li>Canto al s\u00ed    &#8211;  Para alguien que no est\u00e1    <\/li><\/ul>\n\n\n\n<hr class=\"wp-block-separator has-alpha-channel-opacity\"\/>\n\n\n\n<figure class=\"wp-block-image size-large is-resized\"><img loading=\"lazy\" src=\"http:\/\/fonocal-discos.com.ar\/fonocal-discos\/wp-content\/uploads\/2025\/05\/2753-AUCAN-1024x1024.jpg\" alt=\"\" class=\"wp-image-1758\" width=\"245\" height=\"245\" srcset=\"http:\/\/fonocal-discos.com.ar\/fonocal-discos\/wp-content\/uploads\/2025\/05\/2753-AUCAN-1024x1024.jpg 1024w, http:\/\/fonocal-discos.com.ar\/fonocal-discos\/wp-content\/uploads\/2025\/05\/2753-AUCAN-300x300.jpg 300w, http:\/\/fonocal-discos.com.ar\/fonocal-discos\/wp-content\/uploads\/2025\/05\/2753-AUCAN-768x768.jpg 768w, http:\/\/fonocal-discos.com.ar\/fonocal-discos\/wp-content\/uploads\/2025\/05\/2753-AUCAN-150x150.jpg 150w, http:\/\/fonocal-discos.com.ar\/fonocal-discos\/wp-content\/uploads\/2025\/05\/2753-AUCAN.jpg 1500w\" sizes=\"(max-width: 245px) 100vw, 245px\" \/><figcaption><strong>Aucan &#8211; Brotes del Alma &#8211; C\u00f3digo= 2753 &#8211; Disponible en  CD<\/strong> <\/figcaption><\/figure>\n\n\n\n<p>Temas:<\/p>\n\n\n\n<ul><li>Llegando a casa &#8211;   Primavera de una esquina<\/li><li>Canci\u00f3n de mi padre    &#8211; Hacia el destierro<\/li><li>Tres de Octubre     &#8211; Mi amor y yo contra todos los que rayen<\/li><li>Misterio azul.<\/li><li>BONUS TRACK<\/li><li>Alg\u00fan momento cualquier lugar    -Una mariposa cualquiera<\/li><li>Misterio azul en vivo<\/li><\/ul>\n\n\n\n<hr class=\"wp-block-separator has-alpha-channel-opacity\"\/>\n\n\n\n<figure class=\"wp-block-image size-full is-resized\"><img loading=\"lazy\" src=\"http:\/\/fonocal-discos.com.ar\/fonocal-discos\/wp-content\/uploads\/2025\/08\/2759-Manal-en-vivo-en-el-Roxy.jpg\" alt=\"\" class=\"wp-image-1782\" width=\"244\" height=\"244\" srcset=\"http:\/\/fonocal-discos.com.ar\/fonocal-discos\/wp-content\/uploads\/2025\/08\/2759-Manal-en-vivo-en-el-Roxy.jpg 900w, http:\/\/fonocal-discos.com.ar\/fonocal-discos\/wp-content\/uploads\/2025\/08\/2759-Manal-en-vivo-en-el-Roxy-300x300.jpg 300w, http:\/\/fonocal-discos.com.ar\/fonocal-discos\/wp-content\/uploads\/2025\/08\/2759-Manal-en-vivo-en-el-Roxy-768x768.jpg 768w, http:\/\/fonocal-discos.com.ar\/fonocal-discos\/wp-content\/uploads\/2025\/08\/2759-Manal-en-vivo-en-el-Roxy-150x150.jpg 150w\" sizes=\"(max-width: 244px) 100vw, 244px\" \/><figcaption><strong>Manal &#8211; En vivo &#8211; en el Roxy &#8211; C\u00f3digo= 2759 &#8211; Disponible en CD <\/strong><\/figcaption><\/figure>\n\n\n\n<p>Temas: <\/p>\n\n\n\n<ul><li>No pibe    &#8211; Informe de un d\u00eda<\/li><li>Para ser un hombre m\u00e1s   &#8211; Avenida Rivadavia<\/li><li>Necesito un amor &#8211;  Einstein<\/li><li>Porque hoy nac\u00ed   &#8211;  Sac\u00fademe la vida<\/li><li>Avellaneda blues    Una casa con diez pinos<\/li><li>Elena  &#8211; Jugo de tomate fr\u00edo<\/li><li>BONUS TRACK: <\/li><li>Blues de la amenaza nocturna  &#8211;  No hay tiempo de m\u00e1s<\/li><\/ul>\n\n\n\n<hr class=\"wp-block-separator has-alpha-channel-opacity\"\/>\n\n\n\n<figure class=\"wp-block-image size-large is-resized\"><img loading=\"lazy\" src=\"http:\/\/fonocal-discos.com.ar\/fonocal-discos\/wp-content\/uploads\/2025\/08\/2809-1024x1024.jpg\" alt=\"\" class=\"wp-image-1794\" width=\"242\" height=\"242\" srcset=\"http:\/\/fonocal-discos.com.ar\/fonocal-discos\/wp-content\/uploads\/2025\/08\/2809-1024x1024.jpg 1024w, http:\/\/fonocal-discos.com.ar\/fonocal-discos\/wp-content\/uploads\/2025\/08\/2809-300x300.jpg 300w, http:\/\/fonocal-discos.com.ar\/fonocal-discos\/wp-content\/uploads\/2025\/08\/2809-768x768.jpg 768w, http:\/\/fonocal-discos.com.ar\/fonocal-discos\/wp-content\/uploads\/2025\/08\/2809-1536x1536.jpg 1536w, http:\/\/fonocal-discos.com.ar\/fonocal-discos\/wp-content\/uploads\/2025\/08\/2809-2048x2048.jpg 2048w, http:\/\/fonocal-discos.com.ar\/fonocal-discos\/wp-content\/uploads\/2025\/08\/2809-150x150.jpg 150w\" sizes=\"(max-width: 242px) 100vw, 242px\" \/><figcaption><strong>Daddy  Antogna y Los de Helio &#8211; Hasta Benin <\/strong>&#8211; <strong>C\u00f3digo= 2809 &#8211; Disponible en  CD <\/strong><\/figcaption><\/figure>\n\n\n\n<p>Temas:<\/p>\n\n\n\n<ul><li>Barboza  &#8211; Encaso de que me avisparen<\/li><li>Radial    &#8211; Al  Orzar<\/li><li>Lee todo  &#8211; Hermanas Piller<\/li><li>El Monz\u00f3n   &#8211; Hervor <\/li><\/ul>\n\n\n\n<hr class=\"wp-block-separator has-alpha-channel-opacity\"\/>\n\n\n\n<figure class=\"wp-block-image size-full is-resized\"><img loading=\"lazy\" src=\"http:\/\/fonocal-discos.com.ar\/fonocal-discos\/wp-content\/uploads\/2025\/09\/2758-Vox-dei-El-camino.jpg\" alt=\"\" class=\"wp-image-1814\" width=\"265\" height=\"265\" srcset=\"http:\/\/fonocal-discos.com.ar\/fonocal-discos\/wp-content\/uploads\/2025\/09\/2758-Vox-dei-El-camino.jpg 600w, http:\/\/fonocal-discos.com.ar\/fonocal-discos\/wp-content\/uploads\/2025\/09\/2758-Vox-dei-El-camino-300x300.jpg 300w, http:\/\/fonocal-discos.com.ar\/fonocal-discos\/wp-content\/uploads\/2025\/09\/2758-Vox-dei-El-camino-150x150.jpg 150w\" sizes=\"(max-width: 265px) 100vw, 265px\" \/><figcaption><strong>Vox Dei &#8211; El Camino &#8211; C\u00f3digo = 2758 &#8211; Disponible en CD<\/strong> <\/figcaption><\/figure>\n\n\n\n<p>Temas:<\/p>\n\n\n\n<ul><li>El camino      &#8211;  Tito<\/li><li>Soltando lastre   &#8211; No quiero dormir<\/li><li>Ahora es el preciso instante  &#8211; Carrera loca<\/li><li>Compulsi\u00f3n      &#8211; Esta canci\u00f3n<\/li><li>Torcazas y pinos &#8211; Un coraz\u00f3n dispuesto<\/li><li>Tan solo un hombre   -R\u00edo de Blues<\/li><li>Jerem\u00edas, pies de plomo&nbsp;    &#8211; El regreso del Dr. Jeckill<\/li><\/ul>\n\n\n\n<hr class=\"wp-block-separator has-alpha-channel-opacity\"\/>\n\n\n\n<figure class=\"wp-block-image size-large is-resized\"><img loading=\"lazy\" src=\"http:\/\/fonocal-discos.com.ar\/fonocal-discos\/wp-content\/uploads\/2025\/12\/279-7-GlennHughes-x-2-1024x1024.jpg\" alt=\"\" class=\"wp-image-1829\" width=\"351\" height=\"351\" srcset=\"http:\/\/fonocal-discos.com.ar\/fonocal-discos\/wp-content\/uploads\/2025\/12\/279-7-GlennHughes-x-2-1024x1024.jpg 1024w, http:\/\/fonocal-discos.com.ar\/fonocal-discos\/wp-content\/uploads\/2025\/12\/279-7-GlennHughes-x-2-300x300.jpg 300w, http:\/\/fonocal-discos.com.ar\/fonocal-discos\/wp-content\/uploads\/2025\/12\/279-7-GlennHughes-x-2-768x768.jpg 768w, http:\/\/fonocal-discos.com.ar\/fonocal-discos\/wp-content\/uploads\/2025\/12\/279-7-GlennHughes-x-2-150x150.jpg 150w, http:\/\/fonocal-discos.com.ar\/fonocal-discos\/wp-content\/uploads\/2025\/12\/279-7-GlennHughes-x-2.jpg 1418w\" sizes=\"(max-width: 351px) 100vw, 351px\" \/><figcaption><strong>Glenn Hughes &#8211; The Many Voices of &#8211; C\u00f3digo= 276\/7 &#8211; Disponible Album Doble -Formato  CD<\/strong><\/figcaption><\/figure>\n\n\n\n<p>Temas:<\/p>\n\n\n\n<p><strong>CD 1<\/strong><\/p>\n\n\n\n<p>*<strong>&nbsp;Born Under a Bad Sign&nbsp;<\/strong>    &#8211; <strong>Piece of my Heart<\/strong><\/p>\n\n\n\n<p>*<strong>Leti t be<\/strong>       &#8211;<strong>Oh Well<\/strong><\/p>\n\n\n\n<p>*<strong>A Whiter Shade of Pale<\/strong>    &#8211;<strong>Catch the Rainbow&nbsp;<\/strong><\/p>\n\n\n\n<p>*<strong>Video Kill the Radio Star&nbsp;<\/strong>     *<strong>Only Women Bleed&nbsp;<\/strong><\/p>\n\n\n\n<p>*<strong>Roxanne<\/strong> *<strong>Knife Edge&nbsp;<\/strong><\/p>\n\n\n\n<p>*<strong>Young Lust&nbsp;<\/strong>  *<strong>I&#8217;ve Got You Under My Skin<\/strong><\/p>\n\n\n\n<p>*<strong>Get Down Make Love&nbsp;<\/strong> *<strong>Four Sticks&nbsp;<\/strong><\/p>\n\n\n\n<p><strong>&nbsp;&nbsp;&nbsp;CD 2&nbsp;<\/strong><\/p>\n\n\n\n<p>*<strong>Manic Depression<\/strong>  *<strong>Messin&#8217; With the Kid&nbsp;<\/strong><\/p>\n\n\n\n<p>*<strong>To Cry You A Song&nbsp;<\/strong> *<strong>Maybe I&#8217;m A Leo<\/strong><\/p>\n\n\n\n<p>*<strong>Wild Dogs&nbsp;<\/strong>   *<strong>Nights In White Satin<\/strong><\/p>\n\n\n\n<p><strong>*I Was Made To Love Her&nbsp;<\/strong> *<strong>Kings and Queens&nbsp;<\/strong><\/p>\n\n\n\n<p>*<strong>I Just Want To Celebrate&nbsp;<\/strong>  *<strong>Nothing&#8217;s The Same<\/strong><\/p>\n\n\n\n<p><strong>&nbsp;&nbsp;&nbsp;&nbsp;&nbsp;&nbsp; BONUS TRACK<\/strong><\/p>\n\n\n\n<p><strong>Goodbye To Romance&nbsp;<\/strong>    &#8211;<strong>Sunshine of Your Love<\/strong><\/p>\n\n\n\n<p><strong>Ain&#8217;t No Sunshine<\/strong>     &#8211;<strong>To Love Somebody<\/strong><\/p>\n\n\n\n<hr class=\"wp-block-separator has-alpha-channel-opacity\"\/>\n","protected":false},"excerpt":{"rendered":"<p>Temas: El pasillo *Se est\u00e1 pasando la vida A veces la realidad *Si podes escucharme No puedo seguir as\u00ed *El pasillo (reprise) Dejar el hogar *Extracto de un momento Si ya no sos igual * M\u00fasica ligera Ocurri\u00f3 a eso de las tres *Algo nuevo Temas: Bienvenido rock and roll \u2026 <a class=\"continue-reading-link\" href=\"http:\/\/fonocal-discos.com.ar\/fonocal-discos\/%e2%99%abnovedades-2025-%e2%99%aa\/\"> Continue reading <span class=\"meta-nav\">&rarr; <\/span><\/a><\/p>\n","protected":false},"author":1,"featured_media":0,"parent":0,"menu_order":0,"comment_status":"closed","ping_status":"closed","template":"","meta":[],"_links":{"self":[{"href":"http:\/\/fonocal-discos.com.ar\/fonocal-discos\/wp-json\/wp\/v2\/pages\/1736"}],"collection":[{"href":"http:\/\/fonocal-discos.com.ar\/fonocal-discos\/wp-json\/wp\/v2\/pages"}],"about":[{"href":"http:\/\/fonocal-discos.com.ar\/fonocal-discos\/wp-json\/wp\/v2\/types\/page"}],"author":[{"embeddable":true,"href":"http:\/\/fonocal-discos.com.ar\/fonocal-discos\/wp-json\/wp\/v2\/users\/1"}],"replies":[{"embeddable":true,"href":"http:\/\/fonocal-discos.com.ar\/fonocal-discos\/wp-json\/wp\/v2\/comments?post=1736"}],"version-history":[{"count":10,"href":"http:\/\/fonocal-discos.com.ar\/fonocal-discos\/wp-json\/wp\/v2\/pages\/1736\/revisions"}],"predecessor-version":[{"id":1840,"href":"http:\/\/fonocal-discos.com.ar\/fonocal-discos\/wp-json\/wp\/v2\/pages\/1736\/revisions\/1840"}],"wp:attachment":[{"href":"http:\/\/fonocal-discos.com.ar\/fonocal-discos\/wp-json\/wp\/v2\/media?parent=1736"}],"curies":[{"name":"wp","href":"https:\/\/api.w.org\/{rel}","templated":true}]}}